{"id":1227,"date":"2025-09-19T10:02:08","date_gmt":"2025-09-19T07:02:08","guid":{"rendered":"https:\/\/demosivusto.net\/naantalinvenemessut\/etusivu\/"},"modified":"2026-05-06T14:31:51","modified_gmt":"2026-05-06T11:31:51","slug":"etusivu","status":"publish","type":"page","link":"https:\/\/naantalinvenemessut.fi\/sv\/","title":{"rendered":"Hem"},"content":{"rendered":"","protected":false},"excerpt":{"rendered":"","protected":false},"author":1,"featured_media":1009,"parent":0,"menu_order":0,"comment_status":"closed","ping_status":"closed","template":"page-templates\/front-page.php","meta":{"_acf_changed":false,"footnotes":""},"class_list":["post-1227","page","type-page","status-publish","has-post-thumbnail","hentry"],"acf":[],"yoast_head":"<!-- This site is optimized with the Yoast SEO plugin v27.5 - https:\/\/yoast.com\/product\/yoast-seo-wordpress\/ -->\n<title>Hem | Naantalin Venemessut<\/title>\n<meta name=\"description\" content=\"Naantali b\u00e5tm\u00e4ssa \u00f6ppnar b\u00e5ts\u00e4songen i Sk\u00e4rg\u00e5rdshavet. V\u00e4lkommen till g\u00e4sthamnen i N\u00e5dendal den 22\u201324 maj 2026 f\u00f6r att trivas, njuta av god mat och bekanta dig med b\u00e5tar!\" \/>\n<meta name=\"robots\" content=\"index, follow, max-snippet:-1, max-image-preview:large, max-video-preview:-1\" \/>\n<link rel=\"canonical\" href=\"https:\/\/naantalinvenemessut.fi\/sv\/\" \/>\n<meta property=\"og:locale\" content=\"sv_SE\" \/>\n<meta property=\"og:type\" content=\"article\" \/>\n<meta property=\"og:title\" content=\"Hem | Naantalin Venemessut\" \/>\n<meta property=\"og:description\" content=\"Naantali b\u00e5tm\u00e4ssa \u00f6ppnar b\u00e5ts\u00e4songen i Sk\u00e4rg\u00e5rdshavet. V\u00e4lkommen till g\u00e4sthamnen i N\u00e5dendal den 22\u201324 maj 2026 f\u00f6r att trivas, njuta av god mat och bekanta dig med b\u00e5tar!\" \/>\n<meta property=\"og:url\" content=\"https:\/\/naantalinvenemessut.fi\/sv\/\" \/>\n<meta property=\"og:site_name\" content=\"Naantalin Venemessut\" \/>\n<meta property=\"article:modified_time\" content=\"2026-05-06T11:31:51+00:00\" \/>\n<meta property=\"og:image\" content=\"https:\/\/naantalinvenemessut.fi\/wp-content\/uploads\/2025\/10\/messu11-scaled.jpg\" \/>\n\t<meta property=\"og:image:width\" content=\"2560\" \/>\n\t<meta property=\"og:image:height\" content=\"1440\" \/>\n\t<meta property=\"og:image:type\" content=\"image\/jpeg\" \/>\n<meta name=\"twitter:card\" content=\"summary_large_image\" \/>\n<meta name=\"twitter:label1\" content=\"Ber\u00e4knad l\u00e4stid\" \/>\n\t<meta name=\"twitter:data1\" content=\"1 minut\" \/>\n<script type=\"application\/ld+json\" class=\"yoast-schema-graph\">{\"@context\":\"https:\\\/\\\/schema.org\",\"@graph\":[{\"@type\":\"WebPage\",\"@id\":\"https:\\\/\\\/naantalinvenemessut.fi\\\/sv\\\/\",\"url\":\"https:\\\/\\\/naantalinvenemessut.fi\\\/sv\\\/\",\"name\":\"Hem | Naantalin Venemessut\",\"isPartOf\":{\"@id\":\"https:\\\/\\\/naantalinvenemessut.fi\\\/#website\"},\"primaryImageOfPage\":{\"@id\":\"https:\\\/\\\/naantalinvenemessut.fi\\\/sv\\\/#primaryimage\"},\"image\":{\"@id\":\"https:\\\/\\\/naantalinvenemessut.fi\\\/sv\\\/#primaryimage\"},\"thumbnailUrl\":\"https:\\\/\\\/naantalinvenemessut.fi\\\/wp-content\\\/uploads\\\/2025\\\/10\\\/messu11-scaled.jpg\",\"datePublished\":\"2025-09-19T07:02:08+00:00\",\"dateModified\":\"2026-05-06T11:31:51+00:00\",\"description\":\"Naantali b\u00e5tm\u00e4ssa \u00f6ppnar b\u00e5ts\u00e4songen i Sk\u00e4rg\u00e5rdshavet. V\u00e4lkommen till g\u00e4sthamnen i N\u00e5dendal den 22\u201324 maj 2026 f\u00f6r att trivas, njuta av god mat och bekanta dig med b\u00e5tar!\",\"breadcrumb\":{\"@id\":\"https:\\\/\\\/naantalinvenemessut.fi\\\/sv\\\/#breadcrumb\"},\"inLanguage\":\"sv-SE\",\"potentialAction\":[{\"@type\":\"ReadAction\",\"target\":[\"https:\\\/\\\/naantalinvenemessut.fi\\\/sv\\\/\"]}]},{\"@type\":\"ImageObject\",\"inLanguage\":\"sv-SE\",\"@id\":\"https:\\\/\\\/naantalinvenemessut.fi\\\/sv\\\/#primaryimage\",\"url\":\"https:\\\/\\\/naantalinvenemessut.fi\\\/wp-content\\\/uploads\\\/2025\\\/10\\\/messu11-scaled.jpg\",\"contentUrl\":\"https:\\\/\\\/naantalinvenemessut.fi\\\/wp-content\\\/uploads\\\/2025\\\/10\\\/messu11-scaled.jpg\",\"width\":2560,\"height\":1440,\"caption\":\"default\"},{\"@type\":\"BreadcrumbList\",\"@id\":\"https:\\\/\\\/naantalinvenemessut.fi\\\/sv\\\/#breadcrumb\",\"itemListElement\":[{\"@type\":\"ListItem\",\"position\":1,\"name\":\"Etusivu\",\"item\":\"https:\\\/\\\/naantalinvenemessut.fi\\\/sv\\\/\"},{\"@type\":\"ListItem\",\"position\":2,\"name\":\"Hem\"}]},{\"@type\":\"WebSite\",\"@id\":\"https:\\\/\\\/naantalinvenemessut.fi\\\/#website\",\"url\":\"https:\\\/\\\/naantalinvenemessut.fi\\\/\",\"name\":\"Naantalin Venemessut\",\"description\":\"\",\"publisher\":{\"@id\":\"https:\\\/\\\/naantalinvenemessut.fi\\\/#organization\"},\"potentialAction\":[{\"@type\":\"SearchAction\",\"target\":{\"@type\":\"EntryPoint\",\"urlTemplate\":\"https:\\\/\\\/naantalinvenemessut.fi\\\/?s={search_term_string}\"},\"query-input\":{\"@type\":\"PropertyValueSpecification\",\"valueRequired\":true,\"valueName\":\"search_term_string\"}}],\"inLanguage\":\"sv-SE\"},{\"@type\":\"Organization\",\"@id\":\"https:\\\/\\\/naantalinvenemessut.fi\\\/#organization\",\"name\":\"Naantalin Venemessut\",\"url\":\"https:\\\/\\\/naantalinvenemessut.fi\\\/\",\"logo\":{\"@type\":\"ImageObject\",\"inLanguage\":\"sv-SE\",\"@id\":\"https:\\\/\\\/naantalinvenemessut.fi\\\/#\\\/schema\\\/logo\\\/image\\\/\",\"url\":\"https:\\\/\\\/naantalinvenemessut.fi\\\/wp-content\\\/uploads\\\/2025\\\/10\\\/cropped-veme-vaaka_ilman-paivamaaria_ilman-nettiosoitetta_suomi_ruotsi-scaled-1.png\",\"contentUrl\":\"https:\\\/\\\/naantalinvenemessut.fi\\\/wp-content\\\/uploads\\\/2025\\\/10\\\/cropped-veme-vaaka_ilman-paivamaaria_ilman-nettiosoitetta_suomi_ruotsi-scaled-1.png\",\"width\":2560,\"height\":608,\"caption\":\"Naantalin Venemessut\"},\"image\":{\"@id\":\"https:\\\/\\\/naantalinvenemessut.fi\\\/#\\\/schema\\\/logo\\\/image\\\/\"}}]}<\/script>\n<!-- \/ Yoast SEO plugin. -->","yoast_head_json":{"title":"Hem | Naantalin Venemessut","description":"Naantali b\u00e5tm\u00e4ssa \u00f6ppnar b\u00e5ts\u00e4songen i Sk\u00e4rg\u00e5rdshavet. V\u00e4lkommen till g\u00e4sthamnen i N\u00e5dendal den 22\u201324 maj 2026 f\u00f6r att trivas, njuta av god mat och bekanta dig med b\u00e5tar!","robots":{"index":"index","follow":"follow","max-snippet":"max-snippet:-1","max-image-preview":"max-image-preview:large","max-video-preview":"max-video-preview:-1"},"canonical":"https:\/\/naantalinvenemessut.fi\/sv\/","og_locale":"sv_SE","og_type":"article","og_title":"Hem | Naantalin Venemessut","og_description":"Naantali b\u00e5tm\u00e4ssa \u00f6ppnar b\u00e5ts\u00e4songen i Sk\u00e4rg\u00e5rdshavet. V\u00e4lkommen till g\u00e4sthamnen i N\u00e5dendal den 22\u201324 maj 2026 f\u00f6r att trivas, njuta av god mat och bekanta dig med b\u00e5tar!","og_url":"https:\/\/naantalinvenemessut.fi\/sv\/","og_site_name":"Naantalin Venemessut","article_modified_time":"2026-05-06T11:31:51+00:00","og_image":[{"width":2560,"height":1440,"url":"https:\/\/naantalinvenemessut.fi\/wp-content\/uploads\/2025\/10\/messu11-scaled.jpg","type":"image\/jpeg"}],"twitter_card":"summary_large_image","twitter_misc":{"Ber\u00e4knad l\u00e4stid":"1 minut"},"schema":{"@context":"https:\/\/schema.org","@graph":[{"@type":"WebPage","@id":"https:\/\/naantalinvenemessut.fi\/sv\/","url":"https:\/\/naantalinvenemessut.fi\/sv\/","name":"Hem | Naantalin Venemessut","isPartOf":{"@id":"https:\/\/naantalinvenemessut.fi\/#website"},"primaryImageOfPage":{"@id":"https:\/\/naantalinvenemessut.fi\/sv\/#primaryimage"},"image":{"@id":"https:\/\/naantalinvenemessut.fi\/sv\/#primaryimage"},"thumbnailUrl":"https:\/\/naantalinvenemessut.fi\/wp-content\/uploads\/2025\/10\/messu11-scaled.jpg","datePublished":"2025-09-19T07:02:08+00:00","dateModified":"2026-05-06T11:31:51+00:00","description":"Naantali b\u00e5tm\u00e4ssa \u00f6ppnar b\u00e5ts\u00e4songen i Sk\u00e4rg\u00e5rdshavet. V\u00e4lkommen till g\u00e4sthamnen i N\u00e5dendal den 22\u201324 maj 2026 f\u00f6r att trivas, njuta av god mat och bekanta dig med b\u00e5tar!","breadcrumb":{"@id":"https:\/\/naantalinvenemessut.fi\/sv\/#breadcrumb"},"inLanguage":"sv-SE","potentialAction":[{"@type":"ReadAction","target":["https:\/\/naantalinvenemessut.fi\/sv\/"]}]},{"@type":"ImageObject","inLanguage":"sv-SE","@id":"https:\/\/naantalinvenemessut.fi\/sv\/#primaryimage","url":"https:\/\/naantalinvenemessut.fi\/wp-content\/uploads\/2025\/10\/messu11-scaled.jpg","contentUrl":"https:\/\/naantalinvenemessut.fi\/wp-content\/uploads\/2025\/10\/messu11-scaled.jpg","width":2560,"height":1440,"caption":"default"},{"@type":"BreadcrumbList","@id":"https:\/\/naantalinvenemessut.fi\/sv\/#breadcrumb","itemListElement":[{"@type":"ListItem","position":1,"name":"Etusivu","item":"https:\/\/naantalinvenemessut.fi\/sv\/"},{"@type":"ListItem","position":2,"name":"Hem"}]},{"@type":"WebSite","@id":"https:\/\/naantalinvenemessut.fi\/#website","url":"https:\/\/naantalinvenemessut.fi\/","name":"Naantalin Venemessut","description":"","publisher":{"@id":"https:\/\/naantalinvenemessut.fi\/#organization"},"potentialAction":[{"@type":"SearchAction","target":{"@type":"EntryPoint","urlTemplate":"https:\/\/naantalinvenemessut.fi\/?s={search_term_string}"},"query-input":{"@type":"PropertyValueSpecification","valueRequired":true,"valueName":"search_term_string"}}],"inLanguage":"sv-SE"},{"@type":"Organization","@id":"https:\/\/naantalinvenemessut.fi\/#organization","name":"Naantalin Venemessut","url":"https:\/\/naantalinvenemessut.fi\/","logo":{"@type":"ImageObject","inLanguage":"sv-SE","@id":"https:\/\/naantalinvenemessut.fi\/#\/schema\/logo\/image\/","url":"https:\/\/naantalinvenemessut.fi\/wp-content\/uploads\/2025\/10\/cropped-veme-vaaka_ilman-paivamaaria_ilman-nettiosoitetta_suomi_ruotsi-scaled-1.png","contentUrl":"https:\/\/naantalinvenemessut.fi\/wp-content\/uploads\/2025\/10\/cropped-veme-vaaka_ilman-paivamaaria_ilman-nettiosoitetta_suomi_ruotsi-scaled-1.png","width":2560,"height":608,"caption":"Naantalin Venemessut"},"image":{"@id":"https:\/\/naantalinvenemessut.fi\/#\/schema\/logo\/image\/"}}]}},"_links":{"self":[{"href":"https:\/\/naantalinvenemessut.fi\/sv\/wp-json\/wp\/v2\/pages\/1227","targetHints":{"allow":["GET"]}}],"collection":[{"href":"https:\/\/naantalinvenemessut.fi\/sv\/wp-json\/wp\/v2\/pages"}],"about":[{"href":"https:\/\/naantalinvenemessut.fi\/sv\/wp-json\/wp\/v2\/types\/page"}],"author":[{"embeddable":true,"href":"https:\/\/naantalinvenemessut.fi\/sv\/wp-json\/wp\/v2\/users\/1"}],"replies":[{"embeddable":true,"href":"https:\/\/naantalinvenemessut.fi\/sv\/wp-json\/wp\/v2\/comments?post=1227"}],"version-history":[{"count":19,"href":"https:\/\/naantalinvenemessut.fi\/sv\/wp-json\/wp\/v2\/pages\/1227\/revisions"}],"predecessor-version":[{"id":1852,"href":"https:\/\/naantalinvenemessut.fi\/sv\/wp-json\/wp\/v2\/pages\/1227\/revisions\/1852"}],"wp:featuredmedia":[{"embeddable":true,"href":"https:\/\/naantalinvenemessut.fi\/sv\/wp-json\/wp\/v2\/media\/1009"}],"wp:attachment":[{"href":"https:\/\/naantalinvenemessut.fi\/sv\/wp-json\/wp\/v2\/media?parent=1227"}],"curies":[{"name":"wp","href":"https:\/\/api.w.org\/{rel}","templated":true}]}}